{"id":263,"date":"2025-11-02T02:08:39","date_gmt":"2025-11-02T00:08:39","guid":{"rendered":"https:\/\/www.saint-joseph-plabennec.org\/?page_id=263"},"modified":"2026-02-13T23:53:15","modified_gmt":"2026-02-13T21:53:15","slug":"accueil","status":"publish","type":"page","link":"https:\/\/www.saint-joseph-plabennec.org\/","title":{"rendered":"Accueil"},"content":{"rendered":"\n<div class=\"wp-block-essential-blocks-wrapper alignfull  root-eb-wrapper-08a4nxi\"><div class=\"eb-parent-wrapper eb-parent-eb-wrapper-08a4nxi \"><div class=\"eb-wrapper-outer eb-wrapper-08a4nxi\"><div class=\"eb-wrapper-inner\"><div class=\"eb-wrapper-inner-blocks eb-wrapper-align-center\">\n<div class=\"wp-block-essential-blocks-row alignfull  root-eb-row-gdib7sr\"><div class=\"eb-parent-wrapper eb-parent-eb-row-gdib7sr \"><div class=\"eb-row-root-container eb-row-gdib7sr\" data-id=\"eb-row-gdib7sr\"><div class=\"eb-row-wrapper\"><div class=\"eb-row-inner\"><\/div><\/div><\/div><\/div><\/div>\n<\/div><\/div><\/div><\/div><\/div>\n\n\n\n<div class=\"wp-block-essential-blocks-row alignfull  root-eb-row-h5r9l\"><div class=\"eb-parent-wrapper eb-parent-eb-row-h5r9l eb_animation eb___animated eb___zoomIn\"><div class=\"eb-row-root-container eb-row-h5r9l\" data-id=\"eb-row-h5r9l\"><div class=\"eb-row-wrapper\"><div class=\"eb-row-inner\">\n<div class=\"wp-block-essential-blocks-column  root-eb-column-w4xeh\"><div class=\"eb-parent-wrapper eb-parent-eb-column-w4xeh \"><div class=\"eb-column-wrapper eb-column-w4xeh\"><div class=\"eb-column-inner\">\n<div class=\"wp-block-essential-blocks-infobox  root-eb-infobox-hsnxh eb_liquid_glass-effect1 eb_liquid_glass_shadow-effect1\"><div class=\"eb-parent-wrapper eb-parent-eb-infobox-hsnxh \"><div class=\"eb-infobox-hsnxh eb-infobox-wrapper\"><div class=\"infobox-wrapper-inner\"><div class=\"icon-img-wrapper\"><div class=\"eb-icon number-or-icon\"><span class=\"dashicon dashicons dashicons-calendar-alt eb-infobox-icon-data-selector\"><\/span><\/div><\/div><div class=\"contents-wrapper\"><h1 class=\"title\"><strong>Planning de la semaine<\/strong><\/h1><p class=\"description\"><\/p><div class=\"eb-button-inner-wrapper eb-infobox-btn-wrapper\"><a class=\"eb-button-anchor hvr-grow infobox-btn  hvr-grow \" href=\"https:\/\/www.saint-joseph-plabennec.org\/index.php\/2025\/11\/08\/planning-de-la-semaine\/\" target=\"_blank\" rel=\"noopener\">Consulter<\/a><\/div><\/div><\/div><\/div><\/div><\/div>\n<\/div><\/div><\/div><\/div>\n\n\n\n<div class=\"wp-block-essential-blocks-column  root-eb-column-8uwoh\"><div class=\"eb-parent-wrapper eb-parent-eb-column-8uwoh \"><div class=\"eb-column-wrapper eb-column-8uwoh\"><div class=\"eb-column-inner\">\n<div class=\"wp-block-essential-blocks-infobox  root-eb-infobox-ib27g eb_liquid_glass-effect1 eb_liquid_glass_shadow-effect1\"><div class=\"eb-parent-wrapper eb-parent-eb-infobox-ib27g \"><div class=\"eb-infobox-ib27g eb-infobox-wrapper\"><div class=\"infobox-wrapper-inner\"><div class=\"icon-img-wrapper\"><div class=\"eb-icon number-or-icon\"><span class=\"dashicon dashicons dashicons-megaphone eb-infobox-icon-data-selector\"><\/span><\/div><\/div><div class=\"contents-wrapper\"><h1 class=\"title\"><strong>Derni\u00e8res informations<\/strong><\/h1><h2 class=\"subtitle\"><br><a href=\"https:\/\/www.saint-joseph-plabennec.org\/wp-content\/uploads\/2026\/02\/LE-J.O.-DE-ST-JO-n\u00b021.pdf\">Newsletter F\u00e9vrier 2026<\/a><br><a href=\"https:\/\/www.saint-joseph-plabennec.org\/wp-content\/uploads\/2026\/02\/Calendrier-mars-avril-2026.pdf\">Calendrier Mars-Avril<\/a><br><\/h2><p class=\"description\"><\/p><\/div><\/div><\/div><\/div><\/div>\n<\/div><\/div><\/div><\/div>\n<\/div><\/div><\/div><\/div><\/div>\n\n\n\n<div class=\"wp-block-essential-blocks-row alignfull  root-eb-row-s2zkr\"><div class=\"eb-parent-wrapper eb-parent-eb-row-s2zkr \"><div class=\"eb-row-root-container eb-row-s2zkr\" data-id=\"eb-row-s2zkr\"><div class=\"eb-row-wrapper\"><div class=\"eb-row-inner\">\n<div class=\"wp-block-essential-blocks-column  root-eb-column-ngimd\"><div class=\"eb-parent-wrapper eb-parent-eb-column-ngimd eb_animation eb___animated eb___slideInLeft\"><div class=\"eb-column-wrapper eb-column-ngimd\"><div class=\"eb-column-inner\">\n<div class=\"wp-block-essential-blocks-advanced-image  root-eb-advanced-image-lavsa wp-duotone-midnight\"><div class=\"eb-parent-wrapper eb-parent-eb-advanced-image-lavsa \"><figure class=\"eb-advanced-image-wrapper eb-advanced-image-lavsa no-effect\" data-id=\"eb-advanced-image-lavsa\"><div class=\"eb-image-wrapper\"><div class=\"eb-image-wrapper-inner eb-img-style-square\"><img decoding=\"async\" src=\"https:\/\/www.saint-joseph-plabennec.org\/wp-content\/uploads\/2025\/09\/cropped-Essai-logo.png\" alt=\"\"\/><\/div><\/div><\/figure><\/div><\/div>\n\n\n\n<p class=\"has-text-align-center has-text-color has-background has-link-color wp-elements-cd35d3ace2b0a2d75fe686834b211c0e\" style=\"color:#002b3d;background-color:#dab1ae;font-size:28px;line-height:3.5\"><strong>BIENVENUE<\/strong><\/p>\n\n\n\n<div class=\"wp-block-essential-blocks-advanced-image  root-eb-advanced-image-bovyx wp-duotone-unset-1\"><div class=\"eb-parent-wrapper eb-parent-eb-advanced-image-bovyx \"><figure class=\"eb-advanced-image-wrapper eb-advanced-image-bovyx no-effect\" data-id=\"eb-advanced-image-bovyx\"><div class=\"eb-image-wrapper\"><div class=\"eb-image-wrapper-inner eb-img-style-rounded\"><img decoding=\"async\" src=\"https:\/\/www.saint-joseph-plabennec.org\/wp-content\/uploads\/2025\/09\/Image-etendue-2-scaled.png\" alt=\"\"\/><\/div><\/div><\/figure><\/div><\/div>\n<\/div><\/div><\/div><\/div>\n\n\n\n<div class=\"wp-block-essential-blocks-column  root-eb-column-0co31\"><div class=\"eb-parent-wrapper eb-parent-eb-column-0co31 \"><div class=\"eb-column-wrapper eb-column-0co31\"><div class=\"eb-column-inner\">\n<div class=\"wp-block-essential-blocks-text  root-eb-text-6376d\"><div class=\"eb-parent-wrapper eb-parent-eb-text-6376d \"><div class=\"eb-text-wrapper eb-text-6376d\" data-id=\"eb-text-6376d\"><h5 class=\"eb-text\">Bienvenue sur le site du coll\u00e8ge Saint-Joseph, \u00e9tablissement de l\u2019enseignement catholique, qui accueille plus de 500 \u00e9l\u00e8ves issus des communes du canton de Plabennec.<br>Nous vous invitons \u00e0 y d\u00e9couvrir le planning de la semaine, l\u2019actualit\u00e9 r\u00e9cente du coll\u00e8ge, des outils de travail pour les \u00e9l\u00e8ves et, plus g\u00e9n\u00e9ralement, notre projet, notre organisation ainsi que la vie de l\u2019\u00e9tablissement et de ses \u00e9l\u00e8ves.<br>R\u00e9ussite, Ouverture, \u00c9ducation, Dynamisme, Relations\u2026 tels sont en quelques mots notre projet et notre ambition.<br>Bonne navigation et \u00e0 bient\u00f4t !<br><br>Le directeur<br>C. Guizouarn<\/h5><\/div><\/div><\/div>\n<\/div><\/div><\/div><\/div>\n\n\n\n<div class=\"wp-block-essential-blocks-column  root-eb-column-s189t\"><div class=\"eb-parent-wrapper eb-parent-eb-column-s189t eb_animation eb___animated eb___slideInRight\"><div class=\"eb-column-wrapper eb-column-s189t\"><div class=\"eb-column-inner\">\n<div class=\"wp-block-essential-blocks-text  root-eb-text-ygsq4\"><div class=\"eb-parent-wrapper eb-parent-eb-text-ygsq4 eb_animation eb___animated eb___slideInRight\"><div class=\"eb-text-wrapper eb-text-ygsq4\" data-id=\"eb-text-ygsq4\"><h3 class=\"eb-text\">ENSEMBLE POUR R\u00c9USSIR<\/h3><\/div><\/div><\/div>\n\n\n\n<div class=\"wp-block-essential-blocks-text  root-eb-text-8z9q1\"><div class=\"eb-parent-wrapper eb-parent-eb-text-8z9q1 eb_animation eb___animated eb___slideInRight\"><div class=\"eb-text-wrapper eb-text-8z9q1\" data-id=\"eb-text-8z9q1\"><h4 class=\"eb-text\">SE FORMER<br>S&rsquo;\u00c9PANOUIR<br>VIVRE ENSEMBLE<\/h4><\/div><\/div><\/div>\n\n\n\n<div class=\"wp-block-essential-blocks-advanced-video  root-eb-advanced-video-xouqq\"><div class=\"eb-parent-wrapper eb-parent-eb-advanced-video-xouqq \"><div class=\"eb-advanced-video-wrapper eb-advanced-video-xouqq none\" data-id=\"eb-advanced-video-xouqq\"><div class=\"eb-player-wrapper eb-advanced-video-xouqq\"><div class=\"eb-player-option none right\" data-id=\"eb-advanced-video-xouqq\" data-url=\"https:\/\/www.youtube.com\/watch?v=2Cm3-WRy3Zw\" data-option=\"none\" data-controls=\"false\" data-loop=\"false\" data-muted=\"false\" data-playing=\"false\" data-overlay=\"false\" data-light=\"https:\/\/www.saint-joseph-plabennec.org\/wp-content\/plugins\/essential-blocks\/assets\/images\/adv-video-placeholder.png\" data-customplayicontype=\"image\" data-customplayiconlib=\"fas fa-play-circle\" data-customplayicon=\"true\" data-playicon=\"https:\/\/www.saint-joseph-plabennec.org\/wp-content\/plugins\/essential-blocks\/assets\/images\/adv-video-playicon.svg\" data-download=\"false\"><\/div><\/div><\/div><\/div><\/div>\n<\/div><\/div><\/div><\/div>\n<\/div><\/div><\/div><\/div><\/div>\n\n\n\n<p><\/p>\n","protected":false},"excerpt":{"rendered":"","protected":false},"author":1,"featured_media":0,"parent":0,"menu_order":0,"comment_status":"closed","ping_status":"closed","template":"","meta":{"_eb_attr":"","footnotes":""},"class_list":["post-263","page","type-page","status-publish","hentry"],"_links":{"self":[{"href":"https:\/\/www.saint-joseph-plabennec.org\/index.php\/wp-json\/wp\/v2\/pages\/263","targetHints":{"allow":["GET"]}}],"collection":[{"href":"https:\/\/www.saint-joseph-plabennec.org\/index.php\/wp-json\/wp\/v2\/pages"}],"about":[{"href":"https:\/\/www.saint-joseph-plabennec.org\/index.php\/wp-json\/wp\/v2\/types\/page"}],"author":[{"embeddable":true,"href":"https:\/\/www.saint-joseph-plabennec.org\/index.php\/wp-json\/wp\/v2\/users\/1"}],"replies":[{"embeddable":true,"href":"https:\/\/www.saint-joseph-plabennec.org\/index.php\/wp-json\/wp\/v2\/comments?post=263"}],"version-history":[{"count":91,"href":"https:\/\/www.saint-joseph-plabennec.org\/index.php\/wp-json\/wp\/v2\/pages\/263\/revisions"}],"predecessor-version":[{"id":697,"href":"https:\/\/www.saint-joseph-plabennec.org\/index.php\/wp-json\/wp\/v2\/pages\/263\/revisions\/697"}],"wp:attachment":[{"href":"https:\/\/www.saint-joseph-plabennec.org\/index.php\/wp-json\/wp\/v2\/media?parent=263"}],"curies":[{"name":"wp","href":"https:\/\/api.w.org\/{rel}","templated":true}]}}